{"id":11,"date":"2016-08-05T14:16:00","date_gmt":"2016-08-05T14:16:00","guid":{"rendered":"http:\/\/www.artbeauty.lv\/en\/?page_id=11"},"modified":"2017-05-06T13:16:19","modified_gmt":"2017-05-06T13:16:19","slug":"cenas","status":"publish","type":"page","link":"https:\/\/www.artbeauty.lv\/en\/cenas\/","title":{"rendered":"Prices"},"content":{"rendered":"","protected":false},"excerpt":{"rendered":"","protected":false},"author":1,"featured_media":0,"parent":0,"menu_order":24,"comment_status":"closed","ping_status":"closed","template":"template-prices.php","meta":{"footnotes":""},"acf":[],"yoast_head":"<!-- This site is optimized with the Yoast SEO Premium plugin v21.1 (Yoast SEO v22.6) - https:\/\/yoast.com\/wordpress\/plugins\/seo\/ -->\n<title>\u0426\u0435\u043d\u044b \u0423\u0441\u043b\u0443\u0433 \u041c\u0435\u0434\u0438\u0446\u0438\u043d\u0441\u043a\u043e\u0433\u043e \u0426\u0435\u043d\u0442\u0440\u0430 Art Of Beauty<\/title>\n<meta name=\"description\" content=\"M\u016bsu Centr\u0101 ir atlas\u012bts viss tas lab\u0101kais un inovat\u012bvais, kas \u0161obr\u012bd atrodams Eirop\u0101 sejas un \u0137erme\u0146a est\u0113tisk\u0101s pilnveido\u0161anas un atjaunin\u0101\u0161anas jom\u0101.\" \/>\n<meta name=\"robots\" content=\"index, follow, max-snippet:-1, max-image-preview:large, max-video-preview:-1\" \/>\n<link rel=\"canonical\" href=\"https:\/\/www.artbeauty.lv\/en\/cenas\/\" \/>\n<meta property=\"og:locale\" content=\"en_US\" \/>\n<meta property=\"og:type\" content=\"article\" \/>\n<meta property=\"og:title\" content=\"Prices\" \/>\n<meta property=\"og:description\" content=\"M\u016bsu Centr\u0101 ir atlas\u012bts viss tas lab\u0101kais un inovat\u012bvais, kas \u0161obr\u012bd atrodams Eirop\u0101 sejas un \u0137erme\u0146a est\u0113tisk\u0101s pilnveido\u0161anas un atjaunin\u0101\u0161anas jom\u0101.\" \/>\n<meta property=\"og:url\" content=\"https:\/\/www.artbeauty.lv\/en\/cenas\/\" \/>\n<meta property=\"og:site_name\" content=\"Art Of Beauty\" \/>\n<meta property=\"article:publisher\" content=\"https:\/\/www.facebook.com\/artbeauty.lv\" \/>\n<meta property=\"article:modified_time\" content=\"2017-05-06T13:16:19+00:00\" \/>\n<meta name=\"twitter:card\" content=\"summary_large_image\" \/>\n<script type=\"application\/ld+json\" class=\"yoast-schema-graph\">{\"@context\":\"https:\/\/schema.org\",\"@graph\":[{\"@type\":\"WebPage\",\"@id\":\"https:\/\/www.artbeauty.lv\/en\/cenas\/\",\"url\":\"https:\/\/www.artbeauty.lv\/en\/cenas\/\",\"name\":\"\u0426\u0435\u043d\u044b \u0423\u0441\u043b\u0443\u0433 \u041c\u0435\u0434\u0438\u0446\u0438\u043d\u0441\u043a\u043e\u0433\u043e \u0426\u0435\u043d\u0442\u0440\u0430 Art Of Beauty\",\"isPartOf\":{\"@id\":\"https:\/\/www.artbeauty.lv\/en\/#website\"},\"datePublished\":\"2016-08-05T14:16:00+00:00\",\"dateModified\":\"2017-05-06T13:16:19+00:00\",\"description\":\"M\u016bsu Centr\u0101 ir atlas\u012bts viss tas lab\u0101kais un inovat\u012bvais, kas \u0161obr\u012bd atrodams Eirop\u0101 sejas un \u0137erme\u0146a est\u0113tisk\u0101s pilnveido\u0161anas un atjaunin\u0101\u0161anas jom\u0101.\",\"breadcrumb\":{\"@id\":\"https:\/\/www.artbeauty.lv\/en\/cenas\/#breadcrumb\"},\"inLanguage\":\"en-US\",\"potentialAction\":[{\"@type\":\"ReadAction\",\"target\":[[\"https:\/\/www.artbeauty.lv\/en\/cenas\/\"]]}]},{\"@type\":\"BreadcrumbList\",\"@id\":\"https:\/\/www.artbeauty.lv\/en\/cenas\/#breadcrumb\",\"itemListElement\":[{\"@type\":\"ListItem\",\"position\":1,\"name\":\"Home\",\"item\":\"https:\/\/www.artbeauty.lv\/en\/\"},{\"@type\":\"ListItem\",\"position\":2,\"name\":\"\u0426\u0435\u043d\u044b\"}]},{\"@type\":\"WebSite\",\"@id\":\"https:\/\/www.artbeauty.lv\/en\/#website\",\"url\":\"https:\/\/www.artbeauty.lv\/en\/\",\"name\":\"Art Of Beauty\",\"description\":\"Clinic of Aesthetic Medicine\",\"publisher\":{\"@id\":\"https:\/\/www.artbeauty.lv\/en\/#organization\"},\"potentialAction\":[{\"@type\":\"SearchAction\",\"target\":{\"@type\":\"EntryPoint\",\"urlTemplate\":\"https:\/\/www.artbeauty.lv\/en\/?s={search_term_string}\"},\"query-input\":\"required name=search_term_string\"}],\"inLanguage\":\"en-US\"},{\"@type\":\"Organization\",\"@id\":\"https:\/\/www.artbeauty.lv\/en\/#organization\",\"name\":\"Art of Beauty\",\"url\":\"https:\/\/www.artbeauty.lv\/en\/\",\"logo\":{\"@type\":\"ImageObject\",\"inLanguage\":\"en-US\",\"@id\":\"https:\/\/www.artbeauty.lv\/en\/#\/schema\/logo\/image\/\",\"url\":\"http:\/\/www.artbeauty.lv\/wp-content\/uploads\/2020\/05\/AoB_Uniform_TopLogo.gif\",\"contentUrl\":\"http:\/\/www.artbeauty.lv\/wp-content\/uploads\/2020\/05\/AoB_Uniform_TopLogo.gif\",\"width\":1122,\"height\":779,\"caption\":\"Art of Beauty\"},\"image\":{\"@id\":\"https:\/\/www.artbeauty.lv\/en\/#\/schema\/logo\/image\/\"},\"sameAs\":[\"https:\/\/www.facebook.com\/artbeauty.lv\",\"https:\/\/www.instagram.com\/artbeauty.lv\/\",\"https:\/\/www.youtube.com\/channel\/UCn9DLIuRHvt6h-uBzfNlW9A\/videos?view_as=subscriber\"]}]}<\/script>\n<!-- \/ Yoast SEO Premium plugin. -->","yoast_head_json":{"title":"\u0426\u0435\u043d\u044b \u0423\u0441\u043b\u0443\u0433 \u041c\u0435\u0434\u0438\u0446\u0438\u043d\u0441\u043a\u043e\u0433\u043e \u0426\u0435\u043d\u0442\u0440\u0430 Art Of Beauty","description":"M\u016bsu Centr\u0101 ir atlas\u012bts viss tas lab\u0101kais un inovat\u012bvais, kas \u0161obr\u012bd atrodams Eirop\u0101 sejas un \u0137erme\u0146a est\u0113tisk\u0101s pilnveido\u0161anas un atjaunin\u0101\u0161anas jom\u0101.","robots":{"index":"index","follow":"follow","max-snippet":"max-snippet:-1","max-image-preview":"max-image-preview:large","max-video-preview":"max-video-preview:-1"},"canonical":"https:\/\/www.artbeauty.lv\/en\/cenas\/","og_locale":"en_US","og_type":"article","og_title":"Prices","og_description":"M\u016bsu Centr\u0101 ir atlas\u012bts viss tas lab\u0101kais un inovat\u012bvais, kas \u0161obr\u012bd atrodams Eirop\u0101 sejas un \u0137erme\u0146a est\u0113tisk\u0101s pilnveido\u0161anas un atjaunin\u0101\u0161anas jom\u0101.","og_url":"https:\/\/www.artbeauty.lv\/en\/cenas\/","og_site_name":"Art Of Beauty","article_publisher":"https:\/\/www.facebook.com\/artbeauty.lv","article_modified_time":"2017-05-06T13:16:19+00:00","twitter_card":"summary_large_image","schema":{"@context":"https:\/\/schema.org","@graph":[{"@type":"WebPage","@id":"https:\/\/www.artbeauty.lv\/en\/cenas\/","url":"https:\/\/www.artbeauty.lv\/en\/cenas\/","name":"\u0426\u0435\u043d\u044b \u0423\u0441\u043b\u0443\u0433 \u041c\u0435\u0434\u0438\u0446\u0438\u043d\u0441\u043a\u043e\u0433\u043e \u0426\u0435\u043d\u0442\u0440\u0430 Art Of Beauty","isPartOf":{"@id":"https:\/\/www.artbeauty.lv\/en\/#website"},"datePublished":"2016-08-05T14:16:00+00:00","dateModified":"2017-05-06T13:16:19+00:00","description":"M\u016bsu Centr\u0101 ir atlas\u012bts viss tas lab\u0101kais un inovat\u012bvais, kas \u0161obr\u012bd atrodams Eirop\u0101 sejas un \u0137erme\u0146a est\u0113tisk\u0101s pilnveido\u0161anas un atjaunin\u0101\u0161anas jom\u0101.","breadcrumb":{"@id":"https:\/\/www.artbeauty.lv\/en\/cenas\/#breadcrumb"},"inLanguage":"en-US","potentialAction":[{"@type":"ReadAction","target":[["https:\/\/www.artbeauty.lv\/en\/cenas\/"]]}]},{"@type":"BreadcrumbList","@id":"https:\/\/www.artbeauty.lv\/en\/cenas\/#breadcrumb","itemListElement":[{"@type":"ListItem","position":1,"name":"Home","item":"https:\/\/www.artbeauty.lv\/en\/"},{"@type":"ListItem","position":2,"name":"\u0426\u0435\u043d\u044b"}]},{"@type":"WebSite","@id":"https:\/\/www.artbeauty.lv\/en\/#website","url":"https:\/\/www.artbeauty.lv\/en\/","name":"Art Of Beauty","description":"Clinic of Aesthetic Medicine","publisher":{"@id":"https:\/\/www.artbeauty.lv\/en\/#organization"},"potentialAction":[{"@type":"SearchAction","target":{"@type":"EntryPoint","urlTemplate":"https:\/\/www.artbeauty.lv\/en\/?s={search_term_string}"},"query-input":"required name=search_term_string"}],"inLanguage":"en-US"},{"@type":"Organization","@id":"https:\/\/www.artbeauty.lv\/en\/#organization","name":"Art of Beauty","url":"https:\/\/www.artbeauty.lv\/en\/","logo":{"@type":"ImageObject","inLanguage":"en-US","@id":"https:\/\/www.artbeauty.lv\/en\/#\/schema\/logo\/image\/","url":"http:\/\/www.artbeauty.lv\/wp-content\/uploads\/2020\/05\/AoB_Uniform_TopLogo.gif","contentUrl":"http:\/\/www.artbeauty.lv\/wp-content\/uploads\/2020\/05\/AoB_Uniform_TopLogo.gif","width":1122,"height":779,"caption":"Art of Beauty"},"image":{"@id":"https:\/\/www.artbeauty.lv\/en\/#\/schema\/logo\/image\/"},"sameAs":["https:\/\/www.facebook.com\/artbeauty.lv","https:\/\/www.instagram.com\/artbeauty.lv\/","https:\/\/www.youtube.com\/channel\/UCn9DLIuRHvt6h-uBzfNlW9A\/videos?view_as=subscriber"]}]}},"_links":{"self":[{"href":"https:\/\/www.artbeauty.lv\/en\/wp-json\/wp\/v2\/pages\/11"}],"collection":[{"href":"https:\/\/www.artbeauty.lv\/en\/wp-json\/wp\/v2\/pages"}],"about":[{"href":"https:\/\/www.artbeauty.lv\/en\/wp-json\/wp\/v2\/types\/page"}],"author":[{"embeddable":true,"href":"https:\/\/www.artbeauty.lv\/en\/wp-json\/wp\/v2\/users\/1"}],"replies":[{"embeddable":true,"href":"https:\/\/www.artbeauty.lv\/en\/wp-json\/wp\/v2\/comments?post=11"}],"version-history":[{"count":2,"href":"https:\/\/www.artbeauty.lv\/en\/wp-json\/wp\/v2\/pages\/11\/revisions"}],"predecessor-version":[{"id":921,"href":"https:\/\/www.artbeauty.lv\/en\/wp-json\/wp\/v2\/pages\/11\/revisions\/921"}],"wp:attachment":[{"href":"https:\/\/www.artbeauty.lv\/en\/wp-json\/wp\/v2\/media?parent=11"}],"curies":[{"name":"wp","href":"https:\/\/api.w.org\/{rel}","templated":true}]}}