{"id":30,"date":"2016-08-08T11:20:15","date_gmt":"2016-08-08T11:20:15","guid":{"rendered":"http:\/\/www.artbeauty.lv\/en\/?page_id=30"},"modified":"2022-01-10T17:58:32","modified_gmt":"2022-01-10T15:58:32","slug":"kosmetisko-lidzeklu-tirdznieciba","status":"publish","type":"page","link":"https:\/\/www.artbeauty.lv\/en\/kosmetisko-lidzeklu-tirdznieciba\/","title":{"rendered":"Products available for sale"},"content":{"rendered":"","protected":false},"excerpt":{"rendered":"","protected":false},"author":1,"featured_media":0,"parent":0,"menu_order":21,"comment_status":"closed","ping_status":"closed","template":"template-products.php","meta":{"footnotes":""},"acf":[],"yoast_head":"<!-- This site is optimized with the Yoast SEO Premium plugin v21.1 (Yoast SEO v22.6) - https:\/\/yoast.com\/wordpress\/plugins\/seo\/ -->\n<title>Kosm\u0113tisko L\u012bdzek\u013cu Tirdzniec\u012bba Lieto\u0161anai M\u0101j\u0101s - Art Of Beauty<\/title>\n<meta name=\"description\" content=\"Art Of Beauty pied\u0101v\u0101 ieg\u0101d\u0101ties kosm\u0113tiskos l\u012bdzek\u013cus no t\u0101diem ra\u017eot\u0101jiem, k\u0101 - ZO\u00ae BY ZEIN OBAGI, HYDROPEPTIDE, INNOAESTHETICS, CHOLLEY un citiem...\" \/>\n<meta name=\"robots\" content=\"index, follow, max-snippet:-1, max-image-preview:large, max-video-preview:-1\" \/>\n<link rel=\"canonical\" href=\"https:\/\/www.artbeauty.lv\/en\/kosmetisko-lidzeklu-tirdznieciba\/\" \/>\n<meta property=\"og:locale\" content=\"en_US\" \/>\n<meta property=\"og:type\" content=\"article\" \/>\n<meta property=\"og:title\" content=\"Products available for sale\" \/>\n<meta property=\"og:description\" content=\"Art Of Beauty pied\u0101v\u0101 ieg\u0101d\u0101ties kosm\u0113tiskos l\u012bdzek\u013cus no t\u0101diem ra\u017eot\u0101jiem, k\u0101 - ZO\u00ae BY ZEIN OBAGI, HYDROPEPTIDE, INNOAESTHETICS, CHOLLEY un citiem...\" \/>\n<meta property=\"og:url\" content=\"https:\/\/www.artbeauty.lv\/en\/kosmetisko-lidzeklu-tirdznieciba\/\" \/>\n<meta property=\"og:site_name\" content=\"Art Of Beauty\" \/>\n<meta property=\"article:publisher\" content=\"https:\/\/www.facebook.com\/artbeauty.lv\" \/>\n<meta property=\"article:modified_time\" content=\"2022-01-10T15:58:32+00:00\" \/>\n<meta name=\"twitter:card\" content=\"summary_large_image\" \/>\n<script type=\"application\/ld+json\" class=\"yoast-schema-graph\">{\"@context\":\"https:\/\/schema.org\",\"@graph\":[{\"@type\":\"WebPage\",\"@id\":\"https:\/\/www.artbeauty.lv\/en\/kosmetisko-lidzeklu-tirdznieciba\/\",\"url\":\"https:\/\/www.artbeauty.lv\/en\/kosmetisko-lidzeklu-tirdznieciba\/\",\"name\":\"Kosm\u0113tisko L\u012bdzek\u013cu Tirdzniec\u012bba Lieto\u0161anai M\u0101j\u0101s - Art Of Beauty\",\"isPartOf\":{\"@id\":\"https:\/\/www.artbeauty.lv\/en\/#website\"},\"datePublished\":\"2016-08-08T11:20:15+00:00\",\"dateModified\":\"2022-01-10T15:58:32+00:00\",\"description\":\"Art Of Beauty pied\u0101v\u0101 ieg\u0101d\u0101ties kosm\u0113tiskos l\u012bdzek\u013cus no t\u0101diem ra\u017eot\u0101jiem, k\u0101 - ZO\u00ae BY ZEIN OBAGI, HYDROPEPTIDE, INNOAESTHETICS, CHOLLEY un citiem...\",\"breadcrumb\":{\"@id\":\"https:\/\/www.artbeauty.lv\/en\/kosmetisko-lidzeklu-tirdznieciba\/#breadcrumb\"},\"inLanguage\":\"en-US\",\"potentialAction\":[{\"@type\":\"ReadAction\",\"target\":[[\"https:\/\/www.artbeauty.lv\/en\/kosmetisko-lidzeklu-tirdznieciba\/\"]]}]},{\"@type\":\"BreadcrumbList\",\"@id\":\"https:\/\/www.artbeauty.lv\/en\/kosmetisko-lidzeklu-tirdznieciba\/#breadcrumb\",\"itemListElement\":[{\"@type\":\"ListItem\",\"position\":1,\"name\":\"Home\",\"item\":\"https:\/\/www.artbeauty.lv\/en\/\"},{\"@type\":\"ListItem\",\"position\":2,\"name\":\"\u041f\u0440\u043e\u0434\u0430\u0436\u0430 \u043a\u043e\u0441\u043c\u0435\u0442\u0438\u0447\u0435\u0441\u043a\u0438\u0445 \u0441\u0440\u0435\u0434\u0441\u0442\u0432\"}]},{\"@type\":\"WebSite\",\"@id\":\"https:\/\/www.artbeauty.lv\/en\/#website\",\"url\":\"https:\/\/www.artbeauty.lv\/en\/\",\"name\":\"Art Of Beauty\",\"description\":\"Clinic of Aesthetic Medicine\",\"publisher\":{\"@id\":\"https:\/\/www.artbeauty.lv\/en\/#organization\"},\"potentialAction\":[{\"@type\":\"SearchAction\",\"target\":{\"@type\":\"EntryPoint\",\"urlTemplate\":\"https:\/\/www.artbeauty.lv\/en\/?s={search_term_string}\"},\"query-input\":\"required name=search_term_string\"}],\"inLanguage\":\"en-US\"},{\"@type\":\"Organization\",\"@id\":\"https:\/\/www.artbeauty.lv\/en\/#organization\",\"name\":\"Art of Beauty\",\"url\":\"https:\/\/www.artbeauty.lv\/en\/\",\"logo\":{\"@type\":\"ImageObject\",\"inLanguage\":\"en-US\",\"@id\":\"https:\/\/www.artbeauty.lv\/en\/#\/schema\/logo\/image\/\",\"url\":\"http:\/\/www.artbeauty.lv\/wp-content\/uploads\/2020\/05\/AoB_Uniform_TopLogo.gif\",\"contentUrl\":\"http:\/\/www.artbeauty.lv\/wp-content\/uploads\/2020\/05\/AoB_Uniform_TopLogo.gif\",\"width\":1122,\"height\":779,\"caption\":\"Art of Beauty\"},\"image\":{\"@id\":\"https:\/\/www.artbeauty.lv\/en\/#\/schema\/logo\/image\/\"},\"sameAs\":[\"https:\/\/www.facebook.com\/artbeauty.lv\",\"https:\/\/www.instagram.com\/artbeauty.lv\/\",\"https:\/\/www.youtube.com\/channel\/UCn9DLIuRHvt6h-uBzfNlW9A\/videos?view_as=subscriber\"]}]}<\/script>\n<!-- \/ Yoast SEO Premium plugin. -->","yoast_head_json":{"title":"Kosm\u0113tisko L\u012bdzek\u013cu Tirdzniec\u012bba Lieto\u0161anai M\u0101j\u0101s - Art Of Beauty","description":"Art Of Beauty pied\u0101v\u0101 ieg\u0101d\u0101ties kosm\u0113tiskos l\u012bdzek\u013cus no t\u0101diem ra\u017eot\u0101jiem, k\u0101 - ZO\u00ae BY ZEIN OBAGI, HYDROPEPTIDE, INNOAESTHETICS, CHOLLEY un citiem...","robots":{"index":"index","follow":"follow","max-snippet":"max-snippet:-1","max-image-preview":"max-image-preview:large","max-video-preview":"max-video-preview:-1"},"canonical":"https:\/\/www.artbeauty.lv\/en\/kosmetisko-lidzeklu-tirdznieciba\/","og_locale":"en_US","og_type":"article","og_title":"Products available for sale","og_description":"Art Of Beauty pied\u0101v\u0101 ieg\u0101d\u0101ties kosm\u0113tiskos l\u012bdzek\u013cus no t\u0101diem ra\u017eot\u0101jiem, k\u0101 - ZO\u00ae BY ZEIN OBAGI, HYDROPEPTIDE, INNOAESTHETICS, CHOLLEY un citiem...","og_url":"https:\/\/www.artbeauty.lv\/en\/kosmetisko-lidzeklu-tirdznieciba\/","og_site_name":"Art Of Beauty","article_publisher":"https:\/\/www.facebook.com\/artbeauty.lv","article_modified_time":"2022-01-10T15:58:32+00:00","twitter_card":"summary_large_image","schema":{"@context":"https:\/\/schema.org","@graph":[{"@type":"WebPage","@id":"https:\/\/www.artbeauty.lv\/en\/kosmetisko-lidzeklu-tirdznieciba\/","url":"https:\/\/www.artbeauty.lv\/en\/kosmetisko-lidzeklu-tirdznieciba\/","name":"Kosm\u0113tisko L\u012bdzek\u013cu Tirdzniec\u012bba Lieto\u0161anai M\u0101j\u0101s - Art Of Beauty","isPartOf":{"@id":"https:\/\/www.artbeauty.lv\/en\/#website"},"datePublished":"2016-08-08T11:20:15+00:00","dateModified":"2022-01-10T15:58:32+00:00","description":"Art Of Beauty pied\u0101v\u0101 ieg\u0101d\u0101ties kosm\u0113tiskos l\u012bdzek\u013cus no t\u0101diem ra\u017eot\u0101jiem, k\u0101 - ZO\u00ae BY ZEIN OBAGI, HYDROPEPTIDE, INNOAESTHETICS, CHOLLEY un citiem...","breadcrumb":{"@id":"https:\/\/www.artbeauty.lv\/en\/kosmetisko-lidzeklu-tirdznieciba\/#breadcrumb"},"inLanguage":"en-US","potentialAction":[{"@type":"ReadAction","target":[["https:\/\/www.artbeauty.lv\/en\/kosmetisko-lidzeklu-tirdznieciba\/"]]}]},{"@type":"BreadcrumbList","@id":"https:\/\/www.artbeauty.lv\/en\/kosmetisko-lidzeklu-tirdznieciba\/#breadcrumb","itemListElement":[{"@type":"ListItem","position":1,"name":"Home","item":"https:\/\/www.artbeauty.lv\/en\/"},{"@type":"ListItem","position":2,"name":"\u041f\u0440\u043e\u0434\u0430\u0436\u0430 \u043a\u043e\u0441\u043c\u0435\u0442\u0438\u0447\u0435\u0441\u043a\u0438\u0445 \u0441\u0440\u0435\u0434\u0441\u0442\u0432"}]},{"@type":"WebSite","@id":"https:\/\/www.artbeauty.lv\/en\/#website","url":"https:\/\/www.artbeauty.lv\/en\/","name":"Art Of Beauty","description":"Clinic of Aesthetic Medicine","publisher":{"@id":"https:\/\/www.artbeauty.lv\/en\/#organization"},"potentialAction":[{"@type":"SearchAction","target":{"@type":"EntryPoint","urlTemplate":"https:\/\/www.artbeauty.lv\/en\/?s={search_term_string}"},"query-input":"required name=search_term_string"}],"inLanguage":"en-US"},{"@type":"Organization","@id":"https:\/\/www.artbeauty.lv\/en\/#organization","name":"Art of Beauty","url":"https:\/\/www.artbeauty.lv\/en\/","logo":{"@type":"ImageObject","inLanguage":"en-US","@id":"https:\/\/www.artbeauty.lv\/en\/#\/schema\/logo\/image\/","url":"http:\/\/www.artbeauty.lv\/wp-content\/uploads\/2020\/05\/AoB_Uniform_TopLogo.gif","contentUrl":"http:\/\/www.artbeauty.lv\/wp-content\/uploads\/2020\/05\/AoB_Uniform_TopLogo.gif","width":1122,"height":779,"caption":"Art of Beauty"},"image":{"@id":"https:\/\/www.artbeauty.lv\/en\/#\/schema\/logo\/image\/"},"sameAs":["https:\/\/www.facebook.com\/artbeauty.lv","https:\/\/www.instagram.com\/artbeauty.lv\/","https:\/\/www.youtube.com\/channel\/UCn9DLIuRHvt6h-uBzfNlW9A\/videos?view_as=subscriber"]}]}},"_links":{"self":[{"href":"https:\/\/www.artbeauty.lv\/en\/wp-json\/wp\/v2\/pages\/30"}],"collection":[{"href":"https:\/\/www.artbeauty.lv\/en\/wp-json\/wp\/v2\/pages"}],"about":[{"href":"https:\/\/www.artbeauty.lv\/en\/wp-json\/wp\/v2\/types\/page"}],"author":[{"embeddable":true,"href":"https:\/\/www.artbeauty.lv\/en\/wp-json\/wp\/v2\/users\/1"}],"replies":[{"embeddable":true,"href":"https:\/\/www.artbeauty.lv\/en\/wp-json\/wp\/v2\/comments?post=30"}],"version-history":[{"count":9,"href":"https:\/\/www.artbeauty.lv\/en\/wp-json\/wp\/v2\/pages\/30\/revisions"}],"predecessor-version":[{"id":3517,"href":"https:\/\/www.artbeauty.lv\/en\/wp-json\/wp\/v2\/pages\/30\/revisions\/3517"}],"wp:attachment":[{"href":"https:\/\/www.artbeauty.lv\/en\/wp-json\/wp\/v2\/media?parent=30"}],"curies":[{"name":"wp","href":"https:\/\/api.w.org\/{rel}","templated":true}]}}