{"id":3544,"date":"2022-01-30T18:44:46","date_gmt":"2022-01-30T16:44:46","guid":{"rendered":"http:\/\/www.artbeauty.lv\/?page_id=3544"},"modified":"2022-01-30T18:44:46","modified_gmt":"2022-01-30T16:44:46","slug":"atjaunosanos-ar-aminoskabem-sunekos","status":"publish","type":"page","link":"https:\/\/www.artbeauty.lv\/ru\/atjaunosanos-ar-aminoskabem-sunekos\/","title":{"rendered":"\u041e\u043c\u043e\u043b\u043e\u0436\u0435\u043d\u0438\u0435 \u0430\u043c\u0438\u043d\u043e\u043a\u0438\u0441\u043b\u043e\u0442\u0430\u043c\u0438 SuneKos"},"content":{"rendered":"","protected":false},"excerpt":{"rendered":"","protected":false},"author":3,"featured_media":0,"parent":0,"menu_order":0,"comment_status":"closed","ping_status":"closed","template":"","meta":{"footnotes":""},"acf":[],"yoast_head":"<!-- This site is optimized with the Yoast SEO Premium plugin v21.1 (Yoast SEO v22.6) - https:\/\/yoast.com\/wordpress\/plugins\/seo\/ -->\n<title>\u041e\u043c\u043e\u043b\u043e\u0436\u0435\u043d\u0438\u0435 \u0430\u043c\u0438\u043d\u043e\u043a\u0438\u0441\u043b\u043e\u0442\u0430\u043c\u0438 SuneKos - Art Of Beauty<\/title>\n<meta name=\"robots\" content=\"index, follow, max-snippet:-1, max-image-preview:large, max-video-preview:-1\" \/>\n<link rel=\"canonical\" href=\"https:\/\/www.artbeauty.lv\/ru\/atjaunosanos-ar-aminoskabem-sunekos\/\" \/>\n<meta property=\"og:locale\" content=\"ru_RU\" \/>\n<meta property=\"og:type\" content=\"article\" \/>\n<meta property=\"og:title\" content=\"\u041e\u043c\u043e\u043b\u043e\u0436\u0435\u043d\u0438\u0435 \u0430\u043c\u0438\u043d\u043e\u043a\u0438\u0441\u043b\u043e\u0442\u0430\u043c\u0438 SuneKos\" \/>\n<meta property=\"og:url\" content=\"https:\/\/www.artbeauty.lv\/ru\/atjaunosanos-ar-aminoskabem-sunekos\/\" \/>\n<meta property=\"og:site_name\" content=\"Art Of Beauty\" \/>\n<meta property=\"article:publisher\" content=\"https:\/\/www.facebook.com\/artbeauty.lv\" \/>\n<meta name=\"twitter:card\" content=\"summary_large_image\" \/>\n<script type=\"application\/ld+json\" class=\"yoast-schema-graph\">{\"@context\":\"https:\/\/schema.org\",\"@graph\":[{\"@type\":\"WebPage\",\"@id\":\"https:\/\/www.artbeauty.lv\/ru\/atjaunosanos-ar-aminoskabem-sunekos\/\",\"url\":\"https:\/\/www.artbeauty.lv\/ru\/atjaunosanos-ar-aminoskabem-sunekos\/\",\"name\":\"\u041e\u043c\u043e\u043b\u043e\u0436\u0435\u043d\u0438\u0435 \u0430\u043c\u0438\u043d\u043e\u043a\u0438\u0441\u043b\u043e\u0442\u0430\u043c\u0438 SuneKos - Art Of Beauty\",\"isPartOf\":{\"@id\":\"https:\/\/www.artbeauty.lv\/ru\/#website\"},\"datePublished\":\"2022-01-30T16:44:46+00:00\",\"dateModified\":\"2022-01-30T16:44:46+00:00\",\"breadcrumb\":{\"@id\":\"https:\/\/www.artbeauty.lv\/ru\/atjaunosanos-ar-aminoskabem-sunekos\/#breadcrumb\"},\"inLanguage\":\"ru-RU\",\"potentialAction\":[{\"@type\":\"ReadAction\",\"target\":[[\"https:\/\/www.artbeauty.lv\/ru\/atjaunosanos-ar-aminoskabem-sunekos\/\"]]}]},{\"@type\":\"BreadcrumbList\",\"@id\":\"https:\/\/www.artbeauty.lv\/ru\/atjaunosanos-ar-aminoskabem-sunekos\/#breadcrumb\",\"itemListElement\":[{\"@type\":\"ListItem\",\"position\":1,\"name\":\"Home\",\"item\":\"https:\/\/www.artbeauty.lv\/ru\/\"},{\"@type\":\"ListItem\",\"position\":2,\"name\":\"Atjauno\u0161anos ar aminosk\u0101b\u0113m SuneKos\"}]},{\"@type\":\"WebSite\",\"@id\":\"https:\/\/www.artbeauty.lv\/ru\/#website\",\"url\":\"https:\/\/www.artbeauty.lv\/ru\/\",\"name\":\"Art Of Beauty\",\"description\":\"\u041a\u043b\u0438\u043d\u0438\u043a\u0430 \u042d\u0441\u0442\u0435\u0442\u0438\u0447\u0435\u0441\u043a\u043e\u0439 \u041c\u0435\u0434\u0438\u0446\u0438\u043d\u044b\",\"publisher\":{\"@id\":\"https:\/\/www.artbeauty.lv\/ru\/#organization\"},\"potentialAction\":[{\"@type\":\"SearchAction\",\"target\":{\"@type\":\"EntryPoint\",\"urlTemplate\":\"https:\/\/www.artbeauty.lv\/ru\/?s={search_term_string}\"},\"query-input\":\"required name=search_term_string\"}],\"inLanguage\":\"ru-RU\"},{\"@type\":\"Organization\",\"@id\":\"https:\/\/www.artbeauty.lv\/ru\/#organization\",\"name\":\"Art of Beauty\",\"url\":\"https:\/\/www.artbeauty.lv\/ru\/\",\"logo\":{\"@type\":\"ImageObject\",\"inLanguage\":\"ru-RU\",\"@id\":\"https:\/\/www.artbeauty.lv\/ru\/#\/schema\/logo\/image\/\",\"url\":\"http:\/\/www.artbeauty.lv\/wp-content\/uploads\/2020\/05\/AoB_Uniform_TopLogo.gif\",\"contentUrl\":\"http:\/\/www.artbeauty.lv\/wp-content\/uploads\/2020\/05\/AoB_Uniform_TopLogo.gif\",\"width\":1122,\"height\":779,\"caption\":\"Art of Beauty\"},\"image\":{\"@id\":\"https:\/\/www.artbeauty.lv\/ru\/#\/schema\/logo\/image\/\"},\"sameAs\":[\"https:\/\/www.facebook.com\/artbeauty.lv\",\"https:\/\/www.instagram.com\/artbeauty.lv\/\",\"https:\/\/www.youtube.com\/channel\/UCn9DLIuRHvt6h-uBzfNlW9A\/videos?view_as=subscriber\"]}]}<\/script>\n<!-- \/ Yoast SEO Premium plugin. -->","yoast_head_json":{"title":"\u041e\u043c\u043e\u043b\u043e\u0436\u0435\u043d\u0438\u0435 \u0430\u043c\u0438\u043d\u043e\u043a\u0438\u0441\u043b\u043e\u0442\u0430\u043c\u0438 SuneKos - Art Of Beauty","robots":{"index":"index","follow":"follow","max-snippet":"max-snippet:-1","max-image-preview":"max-image-preview:large","max-video-preview":"max-video-preview:-1"},"canonical":"https:\/\/www.artbeauty.lv\/ru\/atjaunosanos-ar-aminoskabem-sunekos\/","og_locale":"ru_RU","og_type":"article","og_title":"\u041e\u043c\u043e\u043b\u043e\u0436\u0435\u043d\u0438\u0435 \u0430\u043c\u0438\u043d\u043e\u043a\u0438\u0441\u043b\u043e\u0442\u0430\u043c\u0438 SuneKos","og_url":"https:\/\/www.artbeauty.lv\/ru\/atjaunosanos-ar-aminoskabem-sunekos\/","og_site_name":"Art Of Beauty","article_publisher":"https:\/\/www.facebook.com\/artbeauty.lv","twitter_card":"summary_large_image","schema":{"@context":"https:\/\/schema.org","@graph":[{"@type":"WebPage","@id":"https:\/\/www.artbeauty.lv\/ru\/atjaunosanos-ar-aminoskabem-sunekos\/","url":"https:\/\/www.artbeauty.lv\/ru\/atjaunosanos-ar-aminoskabem-sunekos\/","name":"\u041e\u043c\u043e\u043b\u043e\u0436\u0435\u043d\u0438\u0435 \u0430\u043c\u0438\u043d\u043e\u043a\u0438\u0441\u043b\u043e\u0442\u0430\u043c\u0438 SuneKos - Art Of Beauty","isPartOf":{"@id":"https:\/\/www.artbeauty.lv\/ru\/#website"},"datePublished":"2022-01-30T16:44:46+00:00","dateModified":"2022-01-30T16:44:46+00:00","breadcrumb":{"@id":"https:\/\/www.artbeauty.lv\/ru\/atjaunosanos-ar-aminoskabem-sunekos\/#breadcrumb"},"inLanguage":"ru-RU","potentialAction":[{"@type":"ReadAction","target":[["https:\/\/www.artbeauty.lv\/ru\/atjaunosanos-ar-aminoskabem-sunekos\/"]]}]},{"@type":"BreadcrumbList","@id":"https:\/\/www.artbeauty.lv\/ru\/atjaunosanos-ar-aminoskabem-sunekos\/#breadcrumb","itemListElement":[{"@type":"ListItem","position":1,"name":"Home","item":"https:\/\/www.artbeauty.lv\/ru\/"},{"@type":"ListItem","position":2,"name":"Atjauno\u0161anos ar aminosk\u0101b\u0113m SuneKos"}]},{"@type":"WebSite","@id":"https:\/\/www.artbeauty.lv\/ru\/#website","url":"https:\/\/www.artbeauty.lv\/ru\/","name":"Art Of Beauty","description":"\u041a\u043b\u0438\u043d\u0438\u043a\u0430 \u042d\u0441\u0442\u0435\u0442\u0438\u0447\u0435\u0441\u043a\u043e\u0439 \u041c\u0435\u0434\u0438\u0446\u0438\u043d\u044b","publisher":{"@id":"https:\/\/www.artbeauty.lv\/ru\/#organization"},"potentialAction":[{"@type":"SearchAction","target":{"@type":"EntryPoint","urlTemplate":"https:\/\/www.artbeauty.lv\/ru\/?s={search_term_string}"},"query-input":"required name=search_term_string"}],"inLanguage":"ru-RU"},{"@type":"Organization","@id":"https:\/\/www.artbeauty.lv\/ru\/#organization","name":"Art of Beauty","url":"https:\/\/www.artbeauty.lv\/ru\/","logo":{"@type":"ImageObject","inLanguage":"ru-RU","@id":"https:\/\/www.artbeauty.lv\/ru\/#\/schema\/logo\/image\/","url":"http:\/\/www.artbeauty.lv\/wp-content\/uploads\/2020\/05\/AoB_Uniform_TopLogo.gif","contentUrl":"http:\/\/www.artbeauty.lv\/wp-content\/uploads\/2020\/05\/AoB_Uniform_TopLogo.gif","width":1122,"height":779,"caption":"Art of Beauty"},"image":{"@id":"https:\/\/www.artbeauty.lv\/ru\/#\/schema\/logo\/image\/"},"sameAs":["https:\/\/www.facebook.com\/artbeauty.lv","https:\/\/www.instagram.com\/artbeauty.lv\/","https:\/\/www.youtube.com\/channel\/UCn9DLIuRHvt6h-uBzfNlW9A\/videos?view_as=subscriber"]}]}},"_links":{"self":[{"href":"https:\/\/www.artbeauty.lv\/ru\/wp-json\/wp\/v2\/pages\/3544"}],"collection":[{"href":"https:\/\/www.artbeauty.lv\/ru\/wp-json\/wp\/v2\/pages"}],"about":[{"href":"https:\/\/www.artbeauty.lv\/ru\/wp-json\/wp\/v2\/types\/page"}],"author":[{"embeddable":true,"href":"https:\/\/www.artbeauty.lv\/ru\/wp-json\/wp\/v2\/users\/3"}],"replies":[{"embeddable":true,"href":"https:\/\/www.artbeauty.lv\/ru\/wp-json\/wp\/v2\/comments?post=3544"}],"version-history":[{"count":1,"href":"https:\/\/www.artbeauty.lv\/ru\/wp-json\/wp\/v2\/pages\/3544\/revisions"}],"predecessor-version":[{"id":3547,"href":"https:\/\/www.artbeauty.lv\/ru\/wp-json\/wp\/v2\/pages\/3544\/revisions\/3547"}],"wp:attachment":[{"href":"https:\/\/www.artbeauty.lv\/ru\/wp-json\/wp\/v2\/media?parent=3544"}],"curies":[{"name":"wp","href":"https:\/\/api.w.org\/{rel}","templated":true}]}}